{"id":34,"date":"2015-12-23T13:30:55","date_gmt":"2015-12-23T13:30:55","guid":{"rendered":"http:\/\/sasi.swebers.ch\/?page_id=34"},"modified":"2016-03-29T13:41:54","modified_gmt":"2016-03-29T13:41:54","slug":"schweizerferien-2015","status":"publish","type":"page","link":"https:\/\/sasi.swebers.ch\/?page_id=34","title":{"rendered":"Schweizerferien 2015"},"content":{"rendered":"<p>Reiseroute f\u00fcr Schweizerferien 2015:<\/p>\n<ul>\n<li><a href='https:\/\/www.google.com\/maps?q=Tschiertschen&#038;t=k' target='_blank'>Tschiertschen<\/a><\/li>\n<li><a href='https:\/\/www.google.com\/maps?q=46.825158, 9.290379&#038;t=k' target='_blank'>Flims Waldhaus<\/a><\/li>\n<li><a href='https:\/\/www.google.com\/maps?q=Crestasee&#038;t=k' target='_blank'>Crestasee<\/a><\/li>\n<li><a href='https:\/\/www.google.com\/maps?q=Rheinschlucht&#038;t=k' target='_blank'>Rheinschlucht<\/a><\/li>\n<li><a href='https:\/\/www.google.com\/maps?q=Il Spir&#038;t=k' target='_blank'>Il Spir<\/a><\/li>\n<li><a href='https:\/\/www.google.com\/maps?q=Caumasee&#038;t=k' target='_blank'>Caumasee<\/a><\/li>\n<li><a href='https:\/\/www.google.com\/maps?q=Landquart Outlet&#038;t=k' target='_blank'>Landquart Outlet<\/a><\/li>\n<li><a href='https:\/\/www.google.com\/maps?q=Arosa&#038;t=k' target='_blank'>Arosa<\/a><\/li>\n<li><a href='https:\/\/www.google.com\/maps?q=46.806670, 9.648120&#038;t=k' target='_blank'>Ochsenalp<\/a><\/li>\n<li><a href='https:\/\/www.google.com\/maps?q=Restaurant Rosenh\u00fcgel Chur&#038;t=k' target='_blank'>Restaurant Rosenh\u00fcgel Chur<\/a><\/li>\n<li><a href='https:\/\/www.google.com\/maps?q=Chur Altstadt&#038;t=k' target='_blank'>Chur Altstadt<\/a><\/li>\n<li><a href='https:\/\/www.google.com\/maps?q=Roflaschlucht&#038;t=k' target='_blank'>Roflaschlucht<\/a><\/li>\n<li><a href='https:\/\/www.google.com\/maps?q=Zillis&#038;t=k' target='_blank'>Zillis<\/a><\/li>\n<li><a href='https:\/\/www.google.com\/maps?q=Kirche St. Martin&#038;t=k' target='_blank'>Kapelle in Zillis<\/a><\/li>\n<li><a href='https:\/\/www.google.com\/maps?q=Via Mala&#038;t=k' target='_blank'>Via Mala<\/a><\/li>\n<li><a href='https:\/\/www.google.com\/maps?q=Herdern&#038;t=k' target='_blank'>Herdern<\/a><\/li>\n<li><a href='https:\/\/www.google.com\/maps?q=Schw\u00e4galp&#038;t=k' target='_blank'>Schw\u00e4galp<\/a><\/li>\n<li><a href='https:\/\/www.google.com\/maps?q=S\u00e4ntis&#038;t=k' target='_blank'>S\u00e4ntis<\/a><\/li>\n<li><a href='https:\/\/www.google.com\/maps?q=Eischen, Appenzell&#038;t=k' target='_blank'>Eischen, Appenzell<\/a><\/li>\n<li><a href='https:\/\/www.google.com\/maps?q=Ebenalp&#038;t=k' target='_blank'>Ebenalp<\/a><\/li>\n<li><a href='https:\/\/www.google.com\/maps?q=\u00c4scher-Wildkirchli&#038;t=k' target='_blank'>\u00c4scher-Wildkirchli<\/a><\/li>\n<li><a href='https:\/\/www.google.com\/maps?q=Seealpsee&#038;t=k' target='_blank'>Seealpsee<\/a><\/li>\n<li><a href='https:\/\/www.google.com\/maps?q=47.091447, 8.451845&#038;t=k' target='_blank'>Hohle Gasse, Immensee<\/a><\/li>\n<li><a href='https:\/\/www.google.com\/maps?q=Gesslerburg&#038;t=k' target='_blank'>Gesslerburg<\/a><\/li>\n<li><a href='https:\/\/www.google.com\/maps?q=Tellskapelle, K\u00fcssnacht&#038;t=k' target='_blank'>Tellskapelle<\/a><\/li>\n<li><a href='https:\/\/www.google.com\/maps?q=Arth SZ&#038;t=k' target='_blank'>Arth SZ<\/a><\/li>\n<li><a href='https:\/\/www.google.com\/maps?q=Tells Platte&#038;t=k' target='_blank'>Tells Platte<\/a><\/li>\n<li><a href='https:\/\/www.google.com\/maps?q=Telldenkmal, Altdorf&#038;t=k' target='_blank'>Telldenkmal, Altdorf<\/a><\/li>\n<li><a href='https:\/\/www.google.com\/maps?q=Tr\u00fcmmelbachf\u00e4lle&#038;t=k' target='_blank'>Tr\u00fcmmelbachf\u00e4lle<\/a><\/li>\n<li><a href='https:\/\/www.google.com\/maps?q=Schilthorn&#038;t=k' target='_blank'>Schilthorn \/ Piz Gloria (007 World)<\/a><\/li>\n<li><a href='https:\/\/www.google.com\/maps?q=Thunersee&#038;t=k' target='_blank'>Thunersee <\/a><\/li>\n<li><a href='https:\/\/www.google.com\/maps?q=46.932171, 6.721028&#038;t=k' target='_blank'>Creux du Van<\/a><\/li>\n<li><a href='https:\/\/www.google.com\/maps?q=Neuenburgersee&#038;t=k' target='_blank'>Neuenburgersee<\/a><\/li>\n<li><a href='https:\/\/www.google.com\/maps?q=St. Imier&#038;t=k' target='_blank'>St. Imier<\/a><\/li>\n<\/ul>\n<h2>Ferienfilm<\/h2>\n<p><iframe loading=\"lazy\" src=\"https:\/\/drive.google.com\/file\/d\/0B3rHUF61_aX0WE9DV0dYRC01Mmc\/preview\" width=\"480\" height=\"270\" allowfullscreen=\"true\"><\/iframe><\/p>\n","protected":false},"excerpt":{"rendered":"<p>Reiseroute f\u00fcr Schweizerferien 2015: Tschiertschen Flims Waldhaus Crestasee Rheinschlucht Il Spir Caumasee Landquart Outlet Arosa Ochsenalp Restaurant Rosenh\u00fcgel Chur Chur Altstadt Roflaschlucht Zillis Kapelle in Zillis Via Mala Herdern Schw\u00e4galp S\u00e4ntis Eischen, Appenzell Ebenalp \u00c4scher-Wildkirchli Seealpsee Hohle Gasse, Immensee Gesslerburg Tellskapelle Arth SZ Tells Platte Telldenkmal, Altdorf Tr\u00fcmmelbachf\u00e4lle Schilthorn \/ Piz Gloria (007 World) Thunersee &hellip; <a href=\"https:\/\/sasi.swebers.ch\/?page_id=34\" class=\"more-link\"><span class=\"screen-reader-text\">Schweizerferien 2015<\/span> weiterlesen <span class=\"meta-nav\">&rarr;<\/span><\/a><\/p>\n","protected":false},"author":1,"featured_media":0,"parent":0,"menu_order":0,"comment_status":"closed","ping_status":"closed","template":"","meta":{"footnotes":""},"class_list":["post-34","page","type-page","status-publish","hentry"],"_links":{"self":[{"href":"https:\/\/sasi.swebers.ch\/index.php?rest_route=\/wp\/v2\/pages\/34","targetHints":{"allow":["GET"]}}],"collection":[{"href":"https:\/\/sasi.swebers.ch\/index.php?rest_route=\/wp\/v2\/pages"}],"about":[{"href":"https:\/\/sasi.swebers.ch\/index.php?rest_route=\/wp\/v2\/types\/page"}],"author":[{"embeddable":true,"href":"https:\/\/sasi.swebers.ch\/index.php?rest_route=\/wp\/v2\/users\/1"}],"replies":[{"embeddable":true,"href":"https:\/\/sasi.swebers.ch\/index.php?rest_route=%2Fwp%2Fv2%2Fcomments&post=34"}],"version-history":[{"count":23,"href":"https:\/\/sasi.swebers.ch\/index.php?rest_route=\/wp\/v2\/pages\/34\/revisions"}],"predecessor-version":[{"id":102,"href":"https:\/\/sasi.swebers.ch\/index.php?rest_route=\/wp\/v2\/pages\/34\/revisions\/102"}],"wp:attachment":[{"href":"https:\/\/sasi.swebers.ch\/index.php?rest_route=%2Fwp%2Fv2%2Fmedia&parent=34"}],"curies":[{"name":"wp","href":"https:\/\/api.w.org\/{rel}","templated":true}]}}