{"id":47,"date":"2015-12-25T12:43:44","date_gmt":"2015-12-25T12:43:44","guid":{"rendered":"http:\/\/sasi.swebers.ch\/?page_id=47"},"modified":"2016-03-29T13:42:29","modified_gmt":"2016-03-29T13:42:29","slug":"madeira-2015","status":"publish","type":"page","link":"https:\/\/sasi.swebers.ch\/?page_id=47","title":{"rendered":"Madeira 2015"},"content":{"rendered":"<p>Reiseroute f\u00fcr Ferien in Madeira 2015:<\/p>\n<ul>\n<li><a href='https:\/\/www.google.com\/maps?q=Pico de Arieiro' target='_blank'>Pico de Arieiro<\/a><\/li>\n<li><a href='https:\/\/www.google.com\/maps?q=Santana, Madeira' target='_blank'>Santana<\/a><\/li>\n<li><a href='https:\/\/www.google.com\/maps?q=32.743169, -16.700346&#038;t=k' target='_blank'>Ponta de S\u00e3o Louren\u00e7o<\/a><\/li>\n<li><a href='https:\/\/www.google.com\/maps?q=32.656619, -17.004441&#038;t=k' target='_blank'>Cabo Gira\u00f5<\/a><\/li>\n<li><a href='https:\/\/www.google.com\/maps?q=Pa\u00fal da Serra' target='_blank'>Pa\u00fal da Serra<\/a><\/li>\n<li><a href='https:\/\/www.google.com\/maps?q=S\u00e3o Vicente, Madeira' target='_blank'>S\u00e3o Vicente<\/a><\/li>\n<li><a href='https:\/\/www.google.com\/maps?q=Seixal, Madeira' target='_blank'>Seixal<\/a><\/li>\n<li><a href='https:\/\/www.google.com\/maps?q=Porto Moniz' target='_blank'>Porto Moniz<\/a><\/li>\n<li><a href='https:\/\/www.google.com\/maps?q=Funchal' target='_blank'>Funchal<\/a><\/li>\n<li><a href='https:\/\/www.google.com\/maps?q=32.761705, -17.134796&#038;t=k' target='_blank'>Raba\u00e7al<\/a><\/li>\n<li><a href='https:\/\/www.google.com\/maps?q=32.759836, -17.122769&#038;t=k' target='_blank'>Risco<\/a><\/li>\n<li><a href='https:\/\/www.google.com\/maps?q=25 Fontes Falls, Portugal&#038;t=k' target='_blank'>25 Fontes<\/a><\/li>\n<\/ul>\n<p><a href=\"https:\/\/sasi.swebers.chwp-content\/uploads\/2015\/12\/IMG_3012.jpg\" rel=\"attachment wp-att-74\"><img loading=\"lazy\" decoding=\"async\" src=\"https:\/\/sasi.swebers.chwp-content\/uploads\/2015\/12\/IMG_3012-300x200.jpg\" alt=\"IMG_3012\" width=\"300\" height=\"200\" class=\"alignnone size-medium wp-image-74\" srcset=\"https:\/\/sasi.swebers.ch\/wp-content\/uploads\/2015\/12\/IMG_3012-300x200.jpg 300w, https:\/\/sasi.swebers.ch\/wp-content\/uploads\/2015\/12\/IMG_3012-768x512.jpg 768w, https:\/\/sasi.swebers.ch\/wp-content\/uploads\/2015\/12\/IMG_3012-1024x683.jpg 1024w\" sizes=\"auto, (max-width: 300px) 100vw, 300px\" \/><\/a><\/p>\n<p><a href=\"https:\/\/sasi.swebers.chwp-content\/uploads\/2015\/12\/IMG_3078.jpg\" rel=\"attachment wp-att-73\"><img loading=\"lazy\" decoding=\"async\" src=\"https:\/\/sasi.swebers.chwp-content\/uploads\/2015\/12\/IMG_3078-300x200.jpg\" alt=\"IMG_3078\" width=\"300\" height=\"200\" class=\"alignnone size-medium wp-image-73\" srcset=\"https:\/\/sasi.swebers.ch\/wp-content\/uploads\/2015\/12\/IMG_3078-300x200.jpg 300w, https:\/\/sasi.swebers.ch\/wp-content\/uploads\/2015\/12\/IMG_3078-768x512.jpg 768w, https:\/\/sasi.swebers.ch\/wp-content\/uploads\/2015\/12\/IMG_3078-1024x683.jpg 1024w\" sizes=\"auto, (max-width: 300px) 100vw, 300px\" \/><\/a><\/p>\n<p><a href=\"https:\/\/sasi.swebers.chwp-content\/uploads\/2015\/12\/IMG_2808.jpg\" rel=\"attachment wp-att-72\"><img loading=\"lazy\" decoding=\"async\" src=\"https:\/\/sasi.swebers.chwp-content\/uploads\/2015\/12\/IMG_2808-300x200.jpg\" alt=\"IMG_2808\" width=\"300\" height=\"200\" class=\"alignnone size-medium wp-image-72\" srcset=\"https:\/\/sasi.swebers.ch\/wp-content\/uploads\/2015\/12\/IMG_2808-300x200.jpg 300w, https:\/\/sasi.swebers.ch\/wp-content\/uploads\/2015\/12\/IMG_2808-768x512.jpg 768w, https:\/\/sasi.swebers.ch\/wp-content\/uploads\/2015\/12\/IMG_2808-1024x683.jpg 1024w\" sizes=\"auto, (max-width: 300px) 100vw, 300px\" \/><\/a><\/p>\n<p><a href=\"https:\/\/sasi.swebers.chwp-content\/uploads\/2015\/12\/IMG_2843-e1451485044477.jpg\" rel=\"attachment wp-att-71\"><img loading=\"lazy\" decoding=\"async\" src=\"https:\/\/sasi.swebers.chwp-content\/uploads\/2015\/12\/IMG_2843-e1451485044477-200x300.jpg\" alt=\"IMG_2843\" width=\"200\" height=\"300\" class=\"alignnone size-medium wp-image-71\" srcset=\"https:\/\/sasi.swebers.ch\/wp-content\/uploads\/2015\/12\/IMG_2843-e1451485044477-200x300.jpg 200w, https:\/\/sasi.swebers.ch\/wp-content\/uploads\/2015\/12\/IMG_2843-e1451485044477-768x1152.jpg 768w, https:\/\/sasi.swebers.ch\/wp-content\/uploads\/2015\/12\/IMG_2843-e1451485044477-683x1024.jpg 683w\" sizes=\"auto, (max-width: 200px) 100vw, 200px\" \/><\/a><\/p>\n<p><a href=\"https:\/\/sasi.swebers.chwp-content\/uploads\/2015\/12\/IMG_2881-e1451484988910.jpg\" rel=\"attachment wp-att-70\"><img loading=\"lazy\" decoding=\"async\" src=\"https:\/\/sasi.swebers.chwp-content\/uploads\/2015\/12\/IMG_2881-e1451484988910-200x300.jpg\" alt=\"IMG_2881\" width=\"200\" height=\"300\" class=\"alignnone size-medium wp-image-70\" srcset=\"https:\/\/sasi.swebers.ch\/wp-content\/uploads\/2015\/12\/IMG_2881-e1451484988910-200x300.jpg 200w, https:\/\/sasi.swebers.ch\/wp-content\/uploads\/2015\/12\/IMG_2881-e1451484988910-768x1152.jpg 768w, https:\/\/sasi.swebers.ch\/wp-content\/uploads\/2015\/12\/IMG_2881-e1451484988910-683x1024.jpg 683w\" sizes=\"auto, (max-width: 200px) 100vw, 200px\" \/><\/a><\/p>\n<h2>Ferienfilm<\/h2>\n<p><iframe loading=\"lazy\" src=\"https:\/\/drive.google.com\/file\/d\/0B3rHUF61_aX0Y0YwZUtaSjNPOGc\/preview\" width=\"480\" height=\"270\" allowfullscreen=\"true\"><\/iframe><\/p>\n","protected":false},"excerpt":{"rendered":"<p>Reiseroute f\u00fcr Ferien in Madeira 2015: Pico de Arieiro Santana Ponta de S\u00e3o Louren\u00e7o Cabo Gira\u00f5 Pa\u00fal da Serra S\u00e3o Vicente Seixal Porto Moniz Funchal Raba\u00e7al Risco 25 Fontes Ferienfilm<\/p>\n","protected":false},"author":1,"featured_media":0,"parent":0,"menu_order":0,"comment_status":"closed","ping_status":"closed","template":"","meta":{"footnotes":""},"class_list":["post-47","page","type-page","status-publish","hentry"],"_links":{"self":[{"href":"https:\/\/sasi.swebers.ch\/index.php?rest_route=\/wp\/v2\/pages\/47","targetHints":{"allow":["GET"]}}],"collection":[{"href":"https:\/\/sasi.swebers.ch\/index.php?rest_route=\/wp\/v2\/pages"}],"about":[{"href":"https:\/\/sasi.swebers.ch\/index.php?rest_route=\/wp\/v2\/types\/page"}],"author":[{"embeddable":true,"href":"https:\/\/sasi.swebers.ch\/index.php?rest_route=\/wp\/v2\/users\/1"}],"replies":[{"embeddable":true,"href":"https:\/\/sasi.swebers.ch\/index.php?rest_route=%2Fwp%2Fv2%2Fcomments&post=47"}],"version-history":[{"count":24,"href":"https:\/\/sasi.swebers.ch\/index.php?rest_route=\/wp\/v2\/pages\/47\/revisions"}],"predecessor-version":[{"id":75,"href":"https:\/\/sasi.swebers.ch\/index.php?rest_route=\/wp\/v2\/pages\/47\/revisions\/75"}],"wp:attachment":[{"href":"https:\/\/sasi.swebers.ch\/index.php?rest_route=%2Fwp%2Fv2%2Fmedia&parent=47"}],"curies":[{"name":"wp","href":"https:\/\/api.w.org\/{rel}","templated":true}]}}